{"id":246,"date":"2017-03-16T15:38:04","date_gmt":"2017-03-16T14:38:04","guid":{"rendered":"http:\/\/www.ambientelavoro.it\/?page_id=246"},"modified":"2018-07-11T10:29:55","modified_gmt":"2018-07-11T10:29:55","slug":"diventa-sponsor","status":"publish","type":"page","link":"https:\/\/convention.ambientelavoro.it\/it\/sponsor\/diventa-sponsor\/","title":{"rendered":"Diventa Sponsor"},"content":{"rendered":"[vc_row equal_height=&#8221;yes&#8221; content_placement=&#8221;top&#8221; el_class=&#8221;my-1&#8243;][vc_column][vc_row_inner equal_height=&#8221;yes&#8221;][vc_column_inner el_class=&#8221;py-lg-2 px-lg-5&#8243; width=&#8221;2\/3&#8243;][vc_column_text]\n<h2>La Convention per gli operatori della sicurezza<\/h2>\n<p><strong>Ambiente Lavoro Convention <\/strong>si terr\u00e0 nel quartiere fieristico di<strong> Modena <\/strong>nell&#8217;autunno<strong> 2019.<\/strong><\/p>\n<p>La segreteria operativa della manifestazione \u00e8 a disposizione per studiare le modalit\u00e0 di partecipazione pi\u00f9 in linea con le vostre necessit\u00e0 aziendali.<\/p>\n<p style=\"text-align: left\"><a class=\"btn btn-primary btn-lg\" href=\"https:\/\/convention.ambientelavoro.it\/it\/contatti\/\" target=\"_blank\" rel=\"noopener\">Scopri come partecipare &gt;&gt;<\/a><\/p>\n[\/vc_column_text][\/vc_column_inner][vc_column_inner el_class=&#8221;py-2 px-lg-5 bg-darker&#8221; width=&#8221;1\/3&#8243;][vc_column_text]\n<h3 class=\"mt-0\">Sponsor<\/h3>\n<p>ModenaFiere 2019[\/vc_column_text][vc_wp_custommenu nav_menu=&#8221;5&#8243;][\/vc_column_inner][\/vc_row_inner][vc_separator color=&#8221;black&#8221; style=&#8221;shadow&#8221;][vc_row_inner][vc_column_inner][vc_column_text]\n<h2 style=\"text-align: center\">I numeri di Ambiente Lavoro Convention 2017<\/h2>\n[\/vc_column_text][\/vc_column_inner][\/vc_row_inner][\/vc_column][\/vc_row][vc_row equal_height=&#8221;yes&#8221; css=&#8221;.vc_custom_1530787471059{background-image: url(\/public\/uploads\/sites\/2\/numbers-hp-Ambiente-Lavoro-Convention.jpg?id=702) !important;background-position: center !important;background-repeat: no-repeat !important;background-size: cover !important;}&#8221; el_id=&#8221;numbers&#8221;][vc_column][vc_row_inner equal_height=&#8221;yes&#8221; css=&#8221;.vc_custom_1530785895312{background-position: center !important;background-repeat: no-repeat !important;background-size: cover !important;}&#8221;][vc_column_inner width=&#8221;1\/4&#8243;][vc_column_text]\n<h2 style=\"text-align: center\"><span style=\"color: #ffffff\"><strong>3.824<\/strong><\/span><br \/>\n<span style=\"color: #ffffff\"><strong>Partecip<\/strong><strong>anti<\/strong><\/span><\/h2>\n<h1 style=\"text-align: center\"><\/h1>\n[\/vc_column_text][\/vc_column_inner][vc_column_inner width=&#8221;1\/4&#8243;][vc_column_text]\n<h2 style=\"text-align: center\"><span style=\"color: #ffffff\"><strong>441<\/strong><\/span><br \/>\n<span style=\"color: #ffffff\"><strong>Relatori<\/strong><\/span><\/h2>\n[\/vc_column_text][\/vc_column_inner][vc_column_inner width=&#8221;1\/4&#8243;][vc_column_text]\n<h2 style=\"text-align: center\"><span style=\"color: #ffffff\"><strong>91<\/strong><\/span><br \/>\n<span style=\"color: #ffffff\"><strong>Sponsor<\/strong><\/span><\/h2>\n[\/vc_column_text][\/vc_column_inner][vc_column_inner width=&#8221;1\/4&#8243;][vc_column_text]\n<h2 style=\"text-align: center\"><span style=\"color: #ffffff\"><strong>147<\/strong><\/span><br \/>\n<span style=\"color: #ffffff\"><strong>Convegni<\/strong><\/span><\/h2>\n[\/vc_column_text][\/vc_column_inner][\/vc_row_inner][\/vc_column][\/vc_row]\n","protected":false},"excerpt":{"rendered":"<p>[vc_row equal_height=&#8221;yes&#8221; content_placement=&#8221;top&#8221; el_class=&#8221;my-1&#8243;][vc_column][vc_row_inner equal_height=&#8221;yes&#8221;][vc_column_inner el_class=&#8221;py-lg-2 px-lg-5&#8243; width=&#8221;2\/3&#8243;][vc_column_text] La Convention per gli operatori della sicurezza Ambiente Lavoro Convention si terr\u00e0 nel quartiere fieristico di Modena nell&#8217;autunno 2019. La segreteria operativa della manifestazione \u00e8 a disposizione per studiare le modalit\u00e0 di partecipazione pi\u00f9 in linea con le vostre necessit\u00e0 aziendali. Scopri come partecipare &gt;&gt; [\/vc_column_text][\/vc_column_inner][vc_column_inner el_class=&#8221;py-2 [&hellip;]<\/p>\n","protected":false},"author":2,"featured_media":793,"parent":272,"menu_order":0,"comment_status":"closed","ping_status":"closed","template":"","meta":[],"acf":[],"aioseo_notices":[],"_links":{"self":[{"href":"https:\/\/convention.ambientelavoro.it\/it\/wp-json\/wp\/v2\/pages\/246"}],"collection":[{"href":"https:\/\/convention.ambientelavoro.it\/it\/wp-json\/wp\/v2\/pages"}],"about":[{"href":"https:\/\/convention.ambientelavoro.it\/it\/wp-json\/wp\/v2\/types\/page"}],"author":[{"embeddable":true,"href":"https:\/\/convention.ambientelavoro.it\/it\/wp-json\/wp\/v2\/users\/2"}],"replies":[{"embeddable":true,"href":"https:\/\/convention.ambientelavoro.it\/it\/wp-json\/wp\/v2\/comments?post=246"}],"version-history":[{"count":10,"href":"https:\/\/convention.ambientelavoro.it\/it\/wp-json\/wp\/v2\/pages\/246\/revisions"}],"predecessor-version":[{"id":900,"href":"https:\/\/convention.ambientelavoro.it\/it\/wp-json\/wp\/v2\/pages\/246\/revisions\/900"}],"up":[{"embeddable":true,"href":"https:\/\/convention.ambientelavoro.it\/it\/wp-json\/wp\/v2\/pages\/272"}],"wp:featuredmedia":[{"embeddable":true,"href":"https:\/\/convention.ambientelavoro.it\/it\/wp-json\/wp\/v2\/media\/793"}],"wp:attachment":[{"href":"https:\/\/convention.ambientelavoro.it\/it\/wp-json\/wp\/v2\/media?parent=246"}],"curies":[{"name":"wp","href":"https:\/\/api.w.org\/{rel}","templated":true}]}}